{"id":5766,"date":"2023-11-10T12:38:10","date_gmt":"2023-11-10T11:38:10","guid":{"rendered":"https:\/\/www.dbt.fr\/?page_id=5766"},"modified":"2024-09-26T15:43:02","modified_gmt":"2024-09-26T13:43:02","slug":"contactez-nous","status":"publish","type":"page","link":"https:\/\/www.dbt.fr\/en\/contactez-nous\/","title":{"rendered":"Contact us"},"content":{"rendered":"\t\t<div data-elementor-type=\"wp-page\" data-elementor-id=\"5766\" class=\"elementor elementor-5766 elementor-5765\" data-elementor-post-type=\"page\">\n\t\t\t\t<div class=\"elementor-element elementor-element-120a65e3 e-flex e-con-boxed e-con e-child\" data-id=\"120a65e3\" data-element_type=\"container\">\n\t\t\t\t\t<div class=\"e-con-inner\">\n\t\t<div class=\"elementor-element elementor-element-57753256 e-flex e-con-boxed e-con e-child\" data-id=\"57753256\" data-element_type=\"container\">\n\t\t\t\t\t<div class=\"e-con-inner\">\n\t\t\t\t<div class=\"elementor-element elementor-element-4ccf6b7a title-bkg-flash elementor-widget elementor-widget-heading\" data-id=\"4ccf6b7a\" data-element_type=\"widget\" data-widget_type=\"heading.default\">\n\t\t\t\t<div class=\"elementor-widget-container\">\n\t\t\t\t\t<h1 class=\"elementor-heading-title elementor-size-large\">Contact us<\/h1>\t\t\t\t<\/div>\n\t\t\t\t<\/div>\n\t\t\t\t<div class=\"elementor-element elementor-element-5ada8b6c elementor-widget-divider--view-line elementor-widget elementor-widget-divider\" data-id=\"5ada8b6c\" data-element_type=\"widget\" data-widget_type=\"divider.default\">\n\t\t\t\t<div class=\"elementor-widget-container\">\n\t\t\t\t\t\t\t<div class=\"elementor-divider\">\n\t\t\t<span class=\"elementor-divider-separator\">\n\t\t\t\t\t\t<\/span>\n\t\t<\/div>\n\t\t\t\t\t\t<\/div>\n\t\t\t\t<\/div>\n\t\t\t\t\t<\/div>\n\t\t\t\t<\/div>\n\t\t<div class=\"elementor-element elementor-element-24f2e777 elementor-hidden-laptop elementor-hidden-tablet elementor-hidden-mobile_extra elementor-hidden-mobile e-flex e-con-boxed e-con e-child\" data-id=\"24f2e777\" data-element_type=\"container\">\n\t\t\t\t\t<div class=\"e-con-inner\">\n\t\t\t\t<div class=\"elementor-element elementor-element-573aee2a elementor-widget__width-initial elementor-widget elementor-widget-spacer\" data-id=\"573aee2a\" data-element_type=\"widget\" data-widget_type=\"spacer.default\">\n\t\t\t\t<div class=\"elementor-widget-container\">\n\t\t\t\t\t\t\t<div class=\"elementor-spacer\">\n\t\t\t<div class=\"elementor-spacer-inner\"><\/div>\n\t\t<\/div>\n\t\t\t\t\t\t<\/div>\n\t\t\t\t<\/div>\n\t\t\t\t\t<\/div>\n\t\t\t\t<\/div>\n\t\t\t\t\t<\/div>\n\t\t\t\t<\/div>\n\t\t<div class=\"elementor-element elementor-element-209be56 e-flex e-con-boxed e-con e-child\" data-id=\"209be56\" data-element_type=\"container\">\n\t\t\t\t\t<div class=\"e-con-inner\">\n\t\t\t\t<div class=\"elementor-element elementor-element-2b83e3f elementor-widget elementor-widget-contactform-7\" data-id=\"2b83e3f\" data-element_type=\"widget\" data-widget_type=\"contactform-7.default\">\n\t\t\t\t<div class=\"elementor-widget-container\">\n\t\t\t\t\t\n<div class=\"wpcf7 no-js\" id=\"wpcf7-f5106-o1\" lang=\"fr-FR\" dir=\"ltr\" data-wpcf7-id=\"5106\">\n<div class=\"screen-reader-response\"><p role=\"status\" aria-live=\"polite\" aria-atomic=\"true\"><\/p> <ul><\/ul><\/div>\n<form action=\"\/en\/wp-json\/wp\/v2\/pages\/5766#wpcf7-f5106-o1\" method=\"post\" class=\"wpcf7-form init wpcf7-acceptance-as-validation\" aria-label=\"Formulaire de contact\" novalidate=\"novalidate\" data-status=\"init\">\n<fieldset class=\"hidden-fields-container\"><input type=\"hidden\" name=\"_wpcf7\" value=\"5106\" \/><input type=\"hidden\" name=\"_wpcf7_version\" value=\"6.1.1\" \/><input type=\"hidden\" name=\"_wpcf7_locale\" value=\"fr_FR\" \/><input type=\"hidden\" name=\"_wpcf7_unit_tag\" value=\"wpcf7-f5106-o1\" \/><input type=\"hidden\" name=\"_wpcf7_container_post\" value=\"0\" \/><input type=\"hidden\" name=\"_wpcf7_posted_data_hash\" value=\"\" \/><input type=\"hidden\" name=\"_wpcf7_recaptcha_response\" value=\"\" \/>\n<\/fieldset>\n<p><label> Your last name*:<br \/>\n<span class=\"wpcf7-form-control-wrap\" data-name=\"last-name\"><input size=\"40\" maxlength=\"400\" class=\"wpcf7-form-control wpcf7-text wpcf7-validates-as-required\" autocomplete=\"family-name\" aria-required=\"true\" aria-invalid=\"false\" value=\"\" type=\"text\" name=\"last-name\" \/><\/span> <\/label><br \/>\n<label> Your first name*:<br \/>\n<span class=\"wpcf7-form-control-wrap\" data-name=\"first-name\"><input size=\"40\" maxlength=\"400\" class=\"wpcf7-form-control wpcf7-text wpcf7-validates-as-required\" autocomplete=\"given-name\" aria-required=\"true\" aria-invalid=\"false\" value=\"\" type=\"text\" name=\"first-name\" \/><\/span> <\/label><br \/>\n<label> Your phone:<br \/>\n<span class=\"wpcf7-form-control-wrap\" data-name=\"phone\"><input size=\"40\" maxlength=\"400\" class=\"wpcf7-form-control wpcf7-tel wpcf7-text wpcf7-validates-as-tel\" autocomplete=\"tel\" aria-invalid=\"false\" value=\"\" type=\"tel\" name=\"phone\" \/><\/span> <\/label><br \/>\n<label> Your e-mail*:<br \/>\n<span class=\"wpcf7-form-control-wrap\" data-name=\"your-email\"><input size=\"40\" maxlength=\"400\" class=\"wpcf7-form-control wpcf7-email wpcf7-validates-as-required wpcf7-text wpcf7-validates-as-email\" autocomplete=\"email\" aria-required=\"true\" aria-invalid=\"false\" value=\"\" type=\"email\" name=\"your-email\" \/><\/span> <\/label><br \/>\n<label> Object*:<br \/>\n<span class=\"wpcf7-form-control-wrap\" data-name=\"your-subject\"><input size=\"40\" maxlength=\"400\" class=\"wpcf7-form-control wpcf7-text wpcf7-validates-as-required\" aria-required=\"true\" aria-invalid=\"false\" value=\"\" type=\"text\" name=\"your-subject\" \/><\/span> <\/label><br \/>\n<label> Your message*:<br \/>\n<span class=\"wpcf7-form-control-wrap\" data-name=\"your-message\"><textarea cols=\"40\" rows=\"10\" maxlength=\"2000\" class=\"wpcf7-form-control wpcf7-textarea wpcf7-validates-as-required\" aria-required=\"true\" aria-invalid=\"false\" name=\"your-message\"><\/textarea><\/span> <\/label>\n<\/p>\n<p><span class=\"wpcf7-form-control-wrap\" data-name=\"quiz-971\"><label><span class=\"wpcf7-quiz-label\">1+1=?<\/span> <input size=\"40\" class=\"wpcf7-form-control wpcf7-quiz\" autocomplete=\"off\" aria-required=\"true\" aria-invalid=\"false\" type=\"text\" name=\"quiz-971\" \/><\/label><input type=\"hidden\" name=\"_wpcf7_quiz_answer_quiz-971\" value=\"6b52f1bec99be699468882f4d315b22b\" \/><\/span>\n<\/p>\n<p>[checkbox* gdpr class:gdpr-check use_label_element \"En cliquant sur valider, vous acceptez le traitement de vos donn\u00e9es dans le cadre d\" une=\"\" prise=\"\" de=\"\" contact=\"\" et=\"\" vous=\"\" affirmez=\"\" avoir=\"\" pris=\"\" connaissance=\"\" notre=\"\" politique=\"\" confidentialit=\"\"]\n<\/p>\n<div class=\"x-small py-3\">\n\t<p>(* required fields)\n\t<\/p>\n<\/div>\n<p><input class=\"wpcf7-form-control wpcf7-submit has-spinner\" type=\"submit\" value=\"Envoyer\" \/>\n<\/p><input type='hidden' class='wpcf7-pum' value='{\"closepopup\":false,\"closedelay\":0,\"openpopup\":false,\"openpopup_id\":0}' \/><div class=\"wpcf7-response-output\" aria-hidden=\"true\"><\/div>\n<\/form>\n<\/div>\n\t\t\t\t<\/div>\n\t\t\t\t<\/div>\n\t\t\t\t\t<\/div>\n\t\t\t\t<\/div>\n\t\t\t\t<\/div>\n\t\t","protected":false},"excerpt":{"rendered":"<p>Contact us Your last name*: Your first name*: Your phone: Your e-mail*: Object*: Your message*: 1+1=? [checkbox* gdpr class:gdpr-check use_label_element &#8220;En cliquant sur valider, vous acceptez le traitement de vos donn\u00e9es dans le cadre d&#8221; une=&#8221;&#8221; prise=&#8221;&#8221; [&hellip;]<\/p>\n","protected":false},"author":1,"featured_media":0,"parent":0,"menu_order":0,"comment_status":"closed","ping_status":"closed","template":"","meta":{"_acf_changed":false,"footnotes":""},"class_list":["post-5766","page","type-page","status-publish","hentry"],"acf":[],"yoast_head":"<!-- This site is optimized with the Yoast SEO plugin v25.7 - https:\/\/yoast.com\/wordpress\/plugins\/seo\/ -->\n<title>Contact us - DBT<\/title>\n<meta name=\"robots\" content=\"index, follow, max-snippet:-1, max-image-preview:large, max-video-preview:-1\" \/>\n<link rel=\"canonical\" href=\"https:\/\/www.dbt.fr\/en\/contactez-nous\/\" \/>\n<meta property=\"og:locale\" content=\"en_US\" \/>\n<meta property=\"og:type\" content=\"article\" \/>\n<meta property=\"og:title\" content=\"Contact us - DBT\" \/>\n<meta property=\"og:description\" content=\"Contact us Your last name*: Your first name*: Your phone: Your e-mail*: Object*: Your message*: 1+1=? [checkbox* gdpr class:gdpr-check use_label_element &#8220;En cliquant sur valider, vous acceptez le traitement de vos donn\u00e9es dans le cadre d&#8221; une=&#8221;&#8221; prise=&#8221;&#8221; [&hellip;]\" \/>\n<meta property=\"og:url\" content=\"https:\/\/www.dbt.fr\/en\/contactez-nous\/\" \/>\n<meta property=\"og:site_name\" content=\"DBT\" \/>\n<meta property=\"article:publisher\" content=\"https:\/\/www.facebook.com\/ReseauRechargeRapide\/\" \/>\n<meta property=\"article:modified_time\" content=\"2024-09-26T13:43:02+00:00\" \/>\n<meta name=\"twitter:card\" content=\"summary_large_image\" \/>\n<meta name=\"twitter:label1\" content=\"Est. reading time\" \/>\n\t<meta name=\"twitter:data1\" content=\"1 minute\" \/>\n<script type=\"application\/ld+json\" class=\"yoast-schema-graph\">{\"@context\":\"https:\/\/schema.org\",\"@graph\":[{\"@type\":[\"Article\",\"BlogPosting\"],\"@id\":\"https:\/\/www.dbt.fr\/en\/contactez-nous\/#article\",\"isPartOf\":{\"@id\":\"https:\/\/www.dbt.fr\/en\/contactez-nous\/\"},\"author\":{\"name\":\"Technique Lemon\",\"@id\":\"https:\/\/www.dbt.fr\/en\/#\/schema\/person\/ca92fa83aa088b6b2e3091737813bc7c\"},\"headline\":\"Contact us\",\"datePublished\":\"2023-11-10T11:38:10+00:00\",\"dateModified\":\"2024-09-26T13:43:02+00:00\",\"mainEntityOfPage\":{\"@id\":\"https:\/\/www.dbt.fr\/en\/contactez-nous\/\"},\"wordCount\":55,\"publisher\":{\"@id\":\"https:\/\/www.dbt.fr\/en\/#organization\"},\"inLanguage\":\"en-US\"},{\"@type\":\"WebPage\",\"@id\":\"https:\/\/www.dbt.fr\/en\/contactez-nous\/\",\"url\":\"https:\/\/www.dbt.fr\/en\/contactez-nous\/\",\"name\":\"Contact us - DBT\",\"isPartOf\":{\"@id\":\"https:\/\/www.dbt.fr\/en\/#website\"},\"datePublished\":\"2023-11-10T11:38:10+00:00\",\"dateModified\":\"2024-09-26T13:43:02+00:00\",\"breadcrumb\":{\"@id\":\"https:\/\/www.dbt.fr\/en\/contactez-nous\/#breadcrumb\"},\"inLanguage\":\"en-US\",\"potentialAction\":[{\"@type\":\"ReadAction\",\"target\":[\"https:\/\/www.dbt.fr\/en\/contactez-nous\/\"]}]},{\"@type\":\"BreadcrumbList\",\"@id\":\"https:\/\/www.dbt.fr\/en\/contactez-nous\/#breadcrumb\",\"itemListElement\":[{\"@type\":\"ListItem\",\"position\":1,\"name\":\"Accueil\",\"item\":\"https:\/\/www.dbt.fr\/en\/\"},{\"@type\":\"ListItem\",\"position\":2,\"name\":\"Contact us\"}]},{\"@type\":\"WebSite\",\"@id\":\"https:\/\/www.dbt.fr\/en\/#website\",\"url\":\"https:\/\/www.dbt.fr\/en\/\",\"name\":\"DBT\",\"description\":\"DBT est un groupe industriel sp\u00e9cialis\u00e9 dans la distribution de l\u2019\u00e9nergie. Historiquement sp\u00e9cialis\u00e9 dans les transformateurs industriels, DBT a \u00e9tendu son expertise \u00e0 la recharge des v\u00e9hicules \u00e9lectriques.\",\"publisher\":{\"@id\":\"https:\/\/www.dbt.fr\/en\/#organization\"},\"potentialAction\":[{\"@type\":\"SearchAction\",\"target\":{\"@type\":\"EntryPoint\",\"urlTemplate\":\"https:\/\/www.dbt.fr\/en\/?s={search_term_string}\"},\"query-input\":{\"@type\":\"PropertyValueSpecification\",\"valueRequired\":true,\"valueName\":\"search_term_string\"}}],\"inLanguage\":\"en-US\"},{\"@type\":\"Organization\",\"@id\":\"https:\/\/www.dbt.fr\/en\/#organization\",\"name\":\"DBT\",\"url\":\"https:\/\/www.dbt.fr\/en\/\",\"logo\":{\"@type\":\"ImageObject\",\"inLanguage\":\"en-US\",\"@id\":\"https:\/\/www.dbt.fr\/en\/#\/schema\/logo\/image\/\",\"url\":\"https:\/\/www.dbt.fr\/app\/uploads\/2024\/12\/logo-DBT.png\",\"contentUrl\":\"https:\/\/www.dbt.fr\/app\/uploads\/2024\/12\/logo-DBT.png\",\"width\":356,\"height\":119,\"caption\":\"DBT\"},\"image\":{\"@id\":\"https:\/\/www.dbt.fr\/en\/#\/schema\/logo\/image\/\"},\"sameAs\":[\"https:\/\/www.facebook.com\/ReseauRechargeRapide\/\",\"https:\/\/www.instagram.com\/r3.charge\/\"]},{\"@type\":\"Person\",\"@id\":\"https:\/\/www.dbt.fr\/en\/#\/schema\/person\/ca92fa83aa088b6b2e3091737813bc7c\",\"name\":\"Technique Lemon\",\"image\":{\"@type\":\"ImageObject\",\"inLanguage\":\"en-US\",\"@id\":\"https:\/\/www.dbt.fr\/en\/#\/schema\/person\/image\/\",\"url\":\"https:\/\/secure.gravatar.com\/avatar\/2adb99eaf77161342336cf19c9d2d84412c6e34bb4e51d5d54a97ef1f44dafd3?s=96&d=mm&r=g\",\"contentUrl\":\"https:\/\/secure.gravatar.com\/avatar\/2adb99eaf77161342336cf19c9d2d84412c6e34bb4e51d5d54a97ef1f44dafd3?s=96&d=mm&r=g\",\"caption\":\"Technique Lemon\"},\"sameAs\":[\"https:\/\/www.dbt.fr\/wp\"]}]}<\/script>\n<!-- \/ Yoast SEO plugin. -->","yoast_head_json":{"title":"Contact us - DBT","robots":{"index":"index","follow":"follow","max-snippet":"max-snippet:-1","max-image-preview":"max-image-preview:large","max-video-preview":"max-video-preview:-1"},"canonical":"https:\/\/www.dbt.fr\/en\/contactez-nous\/","og_locale":"en_US","og_type":"article","og_title":"Contact us - DBT","og_description":"Contact us Your last name*: Your first name*: Your phone: Your e-mail*: Object*: Your message*: 1+1=? [checkbox* gdpr class:gdpr-check use_label_element &#8220;En cliquant sur valider, vous acceptez le traitement de vos donn\u00e9es dans le cadre d&#8221; une=&#8221;&#8221; prise=&#8221;&#8221; [&hellip;]","og_url":"https:\/\/www.dbt.fr\/en\/contactez-nous\/","og_site_name":"DBT","article_publisher":"https:\/\/www.facebook.com\/ReseauRechargeRapide\/","article_modified_time":"2024-09-26T13:43:02+00:00","twitter_card":"summary_large_image","twitter_misc":{"Est. reading time":"1 minute"},"schema":{"@context":"https:\/\/schema.org","@graph":[{"@type":["Article","BlogPosting"],"@id":"https:\/\/www.dbt.fr\/en\/contactez-nous\/#article","isPartOf":{"@id":"https:\/\/www.dbt.fr\/en\/contactez-nous\/"},"author":{"name":"Technique Lemon","@id":"https:\/\/www.dbt.fr\/en\/#\/schema\/person\/ca92fa83aa088b6b2e3091737813bc7c"},"headline":"Contact us","datePublished":"2023-11-10T11:38:10+00:00","dateModified":"2024-09-26T13:43:02+00:00","mainEntityOfPage":{"@id":"https:\/\/www.dbt.fr\/en\/contactez-nous\/"},"wordCount":55,"publisher":{"@id":"https:\/\/www.dbt.fr\/en\/#organization"},"inLanguage":"en-US"},{"@type":"WebPage","@id":"https:\/\/www.dbt.fr\/en\/contactez-nous\/","url":"https:\/\/www.dbt.fr\/en\/contactez-nous\/","name":"Contact us - DBT","isPartOf":{"@id":"https:\/\/www.dbt.fr\/en\/#website"},"datePublished":"2023-11-10T11:38:10+00:00","dateModified":"2024-09-26T13:43:02+00:00","breadcrumb":{"@id":"https:\/\/www.dbt.fr\/en\/contactez-nous\/#breadcrumb"},"inLanguage":"en-US","potentialAction":[{"@type":"ReadAction","target":["https:\/\/www.dbt.fr\/en\/contactez-nous\/"]}]},{"@type":"BreadcrumbList","@id":"https:\/\/www.dbt.fr\/en\/contactez-nous\/#breadcrumb","itemListElement":[{"@type":"ListItem","position":1,"name":"Accueil","item":"https:\/\/www.dbt.fr\/en\/"},{"@type":"ListItem","position":2,"name":"Contact us"}]},{"@type":"WebSite","@id":"https:\/\/www.dbt.fr\/en\/#website","url":"https:\/\/www.dbt.fr\/en\/","name":"DBT","description":"DBT est un groupe industriel sp\u00e9cialis\u00e9 dans la distribution de l\u2019\u00e9nergie. Historiquement sp\u00e9cialis\u00e9 dans les transformateurs industriels, DBT a \u00e9tendu son expertise \u00e0 la recharge des v\u00e9hicules \u00e9lectriques.","publisher":{"@id":"https:\/\/www.dbt.fr\/en\/#organization"},"potentialAction":[{"@type":"SearchAction","target":{"@type":"EntryPoint","urlTemplate":"https:\/\/www.dbt.fr\/en\/?s={search_term_string}"},"query-input":{"@type":"PropertyValueSpecification","valueRequired":true,"valueName":"search_term_string"}}],"inLanguage":"en-US"},{"@type":"Organization","@id":"https:\/\/www.dbt.fr\/en\/#organization","name":"DBT","url":"https:\/\/www.dbt.fr\/en\/","logo":{"@type":"ImageObject","inLanguage":"en-US","@id":"https:\/\/www.dbt.fr\/en\/#\/schema\/logo\/image\/","url":"https:\/\/www.dbt.fr\/app\/uploads\/2024\/12\/logo-DBT.png","contentUrl":"https:\/\/www.dbt.fr\/app\/uploads\/2024\/12\/logo-DBT.png","width":356,"height":119,"caption":"DBT"},"image":{"@id":"https:\/\/www.dbt.fr\/en\/#\/schema\/logo\/image\/"},"sameAs":["https:\/\/www.facebook.com\/ReseauRechargeRapide\/","https:\/\/www.instagram.com\/r3.charge\/"]},{"@type":"Person","@id":"https:\/\/www.dbt.fr\/en\/#\/schema\/person\/ca92fa83aa088b6b2e3091737813bc7c","name":"Technique Lemon","image":{"@type":"ImageObject","inLanguage":"en-US","@id":"https:\/\/www.dbt.fr\/en\/#\/schema\/person\/image\/","url":"https:\/\/secure.gravatar.com\/avatar\/2adb99eaf77161342336cf19c9d2d84412c6e34bb4e51d5d54a97ef1f44dafd3?s=96&d=mm&r=g","contentUrl":"https:\/\/secure.gravatar.com\/avatar\/2adb99eaf77161342336cf19c9d2d84412c6e34bb4e51d5d54a97ef1f44dafd3?s=96&d=mm&r=g","caption":"Technique Lemon"},"sameAs":["https:\/\/www.dbt.fr\/wp"]}]}},"_links":{"self":[{"href":"https:\/\/www.dbt.fr\/en\/wp-json\/wp\/v2\/pages\/5766","targetHints":{"allow":["GET"]}}],"collection":[{"href":"https:\/\/www.dbt.fr\/en\/wp-json\/wp\/v2\/pages"}],"about":[{"href":"https:\/\/www.dbt.fr\/en\/wp-json\/wp\/v2\/types\/page"}],"author":[{"embeddable":true,"href":"https:\/\/www.dbt.fr\/en\/wp-json\/wp\/v2\/users\/1"}],"replies":[{"embeddable":true,"href":"https:\/\/www.dbt.fr\/en\/wp-json\/wp\/v2\/comments?post=5766"}],"version-history":[{"count":5,"href":"https:\/\/www.dbt.fr\/en\/wp-json\/wp\/v2\/pages\/5766\/revisions"}],"predecessor-version":[{"id":8676,"href":"https:\/\/www.dbt.fr\/en\/wp-json\/wp\/v2\/pages\/5766\/revisions\/8676"}],"wp:attachment":[{"href":"https:\/\/www.dbt.fr\/en\/wp-json\/wp\/v2\/media?parent=5766"}],"curies":[{"name":"wp","href":"https:\/\/api.w.org\/{rel}","templated":true}]}}